 
{"id":2,"date":"2016-05-10T03:48:21","date_gmt":"2016-05-10T03:48:21","guid":{"rendered":"http:\/\/exclusiveeventslevante.com\/?page_id=2"},"modified":"2024-07-15T13:46:59","modified_gmt":"2024-07-15T13:46:59","slug":"sample-page","status":"publish","type":"page","link":"https:\/\/exclusiveeventslevante.com\/?page_id=2","title":{"rendered":"\u00bfQue ofrecemos?"},"content":{"rendered":"<p class=\"font_9\"><span class=\"color_15\">Somos una empresa compuesta por mujeres valencianas, formadas en el sector de los eventos y con una amplia experiencia en organizaci\u00f3n, lo que nos permite crear desde la excelencia.<\/span><\/p>\n<p class=\"font_9\"><span class=\"color_15\">En Exclusive Events, creemos en la creaci\u00f3n de momentos \u00fanicos que transmitan sensaciones inolvidables.<\/span><\/p>\n<p class=\"font_9\"><span class=\"color_15\">Nos diferenciamos de la competencia por que escuchamos a nuestros y nuestras clientes\/as, de ese modo, creamos eventos \u00fanicos, hechos a medida, con las necesidades y deseos espec\u00edficos de cada cliente.<\/span><\/p>\n<p class=\"font_9\"><span class=\"color_15\">\u00a0Nuestra innovadora incubadora de proyectos y soluciones, garantiza que cada detalle e idea \u00a0estar\u00e1 cubierto.<\/span><\/p>\n<p>Adem\u00e1s, para completar nuestro portfol<\/p>\n<p>En Exclusive Events, somos un equipo de mujeres valencianas con una s\u00f3lida formaci\u00f3n en el sector de eventos y una vasta experiencia en organizaci\u00f3n. Esto nos permite alcanzar la excelencia en cada proyecto que emprendemos.<\/p>\n<p><strong>Creaci\u00f3n de Eventos \u00danicos<\/strong><\/p>\n<p>Nos dedicamos a crear momentos \u00fanicos que dejan sensaciones inolvidables. Nuestra diferencia radica en que escuchamos atentamente a nuestros clientes, dise\u00f1ando eventos a medida, adaptados a sus necesidades y deseos espec\u00edficos.<\/p>\n<p><strong>Innovadora Incubadora de Proyectos<\/strong><\/p>\n<p>Nuestra incubadora de proyectos y soluciones garantiza que cada detalle y cada idea est\u00e9n perfectamente ejecutados, asegurando la m\u00e1xima calidad en todos nuestros servicios.<\/p>\n<p><strong>Marketing y Publicidad Personalizada<\/strong><\/p>\n<p>Para completar nuestro portafolio, contamos con un departamento especializado en Marketing y Publicidad. Dise\u00f1amos campa\u00f1as personalizadas para cada momento, situaci\u00f3n y necesidad, dirigidas a empresas grandes o peque\u00f1as, entidades locales o municipios. Cu\u00e9ntanos tu necesidad y nosotros crearemos tu campa\u00f1a ideal.<\/p>\n<p><strong>Coordinaci\u00f3n de Barras y Food Trucks<\/strong><\/p>\n<p>Nos encargamos de la coordinaci\u00f3n y gesti\u00f3n de barras y Food Trucks para eventos, asegurando una experiencia gastron\u00f3mica excepcional y bien organizada.<\/p>\n<p><strong>Punto Violeta<\/strong><\/p>\n<p>Comprometidos con la seguridad y bienestar de todos los asistentes, gestionamos el Punto Violeta en nuestros eventos, garantizando un espacio seguro y libre de violencia.<\/p>\n\n\n<p><\/p>\n\n\n\n<figure class=\"wp-block-image size-large\"><img loading=\"lazy\" decoding=\"async\" width=\"1024\" height=\"576\" src=\"https:\/\/exclusiveeventslevante.com\/wp-content\/uploads\/2024\/02\/TEAM-OF.pdf-17-1024x576.png\" alt=\"\" class=\"wp-image-740\" srcset=\"https:\/\/exclusiveeventslevante.com\/wp-content\/uploads\/2024\/02\/TEAM-OF.pdf-17-1024x576.png 1024w, https:\/\/exclusiveeventslevante.com\/wp-content\/uploads\/2024\/02\/TEAM-OF.pdf-17-300x169.png 300w, https:\/\/exclusiveeventslevante.com\/wp-content\/uploads\/2024\/02\/TEAM-OF.pdf-17-768x432.png 768w, https:\/\/exclusiveeventslevante.com\/wp-content\/uploads\/2024\/02\/TEAM-OF.pdf-17-1536x864.png 1536w, https:\/\/exclusiveeventslevante.com\/wp-content\/uploads\/2024\/02\/TEAM-OF.pdf-17.png 1920w\" sizes=\"auto, (max-width: 706px) 89vw, (max-width: 767px) 82vw, 740px\" \/><\/figure>\n\n\n\n<figure class=\"wp-block-image size-large\"><img loading=\"lazy\" decoding=\"async\" width=\"1024\" height=\"724\" src=\"https:\/\/exclusiveeventslevante.com\/wp-content\/uploads\/2024\/02\/cartel_page-0001-16-1024x724.jpg\" alt=\"\" class=\"wp-image-782\" srcset=\"https:\/\/exclusiveeventslevante.com\/wp-content\/uploads\/2024\/02\/cartel_page-0001-16-1024x724.jpg 1024w, https:\/\/exclusiveeventslevante.com\/wp-content\/uploads\/2024\/02\/cartel_page-0001-16-300x212.jpg 300w, https:\/\/exclusiveeventslevante.com\/wp-content\/uploads\/2024\/02\/cartel_page-0001-16-768x543.jpg 768w, https:\/\/exclusiveeventslevante.com\/wp-content\/uploads\/2024\/02\/cartel_page-0001-16-1536x1086.jpg 1536w, https:\/\/exclusiveeventslevante.com\/wp-content\/uploads\/2024\/02\/cartel_page-0001-16-2048x1448.jpg 2048w\" sizes=\"auto, (max-width: 706px) 89vw, (max-width: 767px) 82vw, 740px\" \/><\/figure>\n","protected":false},"excerpt":{"rendered":"<p>Somos una empresa compuesta por mujeres valencianas, formadas en el sector de los eventos y con una amplia experiencia en organizaci\u00f3n, lo que nos permite crear desde la excelencia. En Exclusive Events, creemos en la creaci\u00f3n de momentos \u00fanicos que transmitan sensaciones inolvidables. Nos diferenciamos de la competencia por que escuchamos a nuestros y nuestras &hellip; <\/p>\n<p class=\"link-more\"><a href=\"https:\/\/exclusiveeventslevante.com\/?page_id=2\" class=\"more-link\">Continuar leyendo<span class=\"screen-reader-text\"> \u00ab\u00bfQue ofrecemos?\u00bb<\/span><\/a><\/p>\n","protected":false},"author":2,"featured_media":0,"parent":0,"menu_order":0,"comment_status":"closed","ping_status":"closed","template":"","meta":{"footnotes":""},"class_list":["post-2","page","type-page","status-publish","hentry"],"_links":{"self":[{"href":"https:\/\/exclusiveeventslevante.com\/index.php?rest_route=\/wp\/v2\/pages\/2","targetHints":{"allow":["GET"]}}],"collection":[{"href":"https:\/\/exclusiveeventslevante.com\/index.php?rest_route=\/wp\/v2\/pages"}],"about":[{"href":"https:\/\/exclusiveeventslevante.com\/index.php?rest_route=\/wp\/v2\/types\/page"}],"author":[{"embeddable":true,"href":"https:\/\/exclusiveeventslevante.com\/index.php?rest_route=\/wp\/v2\/users\/2"}],"replies":[{"embeddable":true,"href":"https:\/\/exclusiveeventslevante.com\/index.php?rest_route=%2Fwp%2Fv2%2Fcomments&post=2"}],"version-history":[{"count":10,"href":"https:\/\/exclusiveeventslevante.com\/index.php?rest_route=\/wp\/v2\/pages\/2\/revisions"}],"predecessor-version":[{"id":788,"href":"https:\/\/exclusiveeventslevante.com\/index.php?rest_route=\/wp\/v2\/pages\/2\/revisions\/788"}],"wp:attachment":[{"href":"https:\/\/exclusiveeventslevante.com\/index.php?rest_route=%2Fwp%2Fv2%2Fmedia&parent=2"}],"curies":[{"name":"wp","href":"https:\/\/api.w.org\/{rel}","templated":true}]}}