 
{"id":247,"date":"2023-02-14T15:06:30","date_gmt":"2023-02-14T15:06:30","guid":{"rendered":"http:\/\/exclusiveeventslevante.com\/?page_id=247"},"modified":"2025-05-11T21:44:14","modified_gmt":"2025-05-11T21:44:14","slug":"ong-y-asociaciones","status":"publish","type":"page","link":"https:\/\/exclusiveeventslevante.com\/?page_id=247","title":{"rendered":"Con qui\u00e9n colaboramos, ONG y Asociaciones"},"content":{"rendered":"\n<figure class=\"wp-block-image size-large\"><img decoding=\"async\" src=\"https:\/\/www.mateoandco.es\/wp-content\/uploads\/2020\/04\/Captura-de-pantalla-2020-04-15-a-las-11.40.09.png\" alt=\"\"\/><\/figure>\n\n\n\n<figure class=\"wp-block-gallery has-nested-images columns-default is-cropped wp-block-gallery-1 is-layout-flex wp-block-gallery-is-layout-flex\">\n<figure class=\"wp-block-image size-large\"><img loading=\"lazy\" decoding=\"async\" width=\"1024\" height=\"768\" data-id=\"934\" src=\"https:\/\/exclusiveeventslevante.com\/wp-content\/uploads\/2025\/05\/IMG-20250510-WA0048-1024x768.jpg\" alt=\"\" class=\"wp-image-934\" srcset=\"https:\/\/exclusiveeventslevante.com\/wp-content\/uploads\/2025\/05\/IMG-20250510-WA0048-1024x768.jpg 1024w, https:\/\/exclusiveeventslevante.com\/wp-content\/uploads\/2025\/05\/IMG-20250510-WA0048-300x225.jpg 300w, https:\/\/exclusiveeventslevante.com\/wp-content\/uploads\/2025\/05\/IMG-20250510-WA0048-768x576.jpg 768w, https:\/\/exclusiveeventslevante.com\/wp-content\/uploads\/2025\/05\/IMG-20250510-WA0048-1536x1152.jpg 1536w, https:\/\/exclusiveeventslevante.com\/wp-content\/uploads\/2025\/05\/IMG-20250510-WA0048.jpg 1824w\" sizes=\"auto, (max-width: 706px) 89vw, (max-width: 767px) 82vw, 740px\" \/><\/figure>\n\n\n\n<figure class=\"wp-block-image size-large\"><img loading=\"lazy\" decoding=\"async\" width=\"577\" height=\"1024\" data-id=\"935\" src=\"https:\/\/exclusiveeventslevante.com\/wp-content\/uploads\/2025\/05\/IMG-20250510-WA0049-577x1024.jpg\" alt=\"\" class=\"wp-image-935\" srcset=\"https:\/\/exclusiveeventslevante.com\/wp-content\/uploads\/2025\/05\/IMG-20250510-WA0049-577x1024.jpg 577w, https:\/\/exclusiveeventslevante.com\/wp-content\/uploads\/2025\/05\/IMG-20250510-WA0049-169x300.jpg 169w, https:\/\/exclusiveeventslevante.com\/wp-content\/uploads\/2025\/05\/IMG-20250510-WA0049-768x1364.jpg 768w, https:\/\/exclusiveeventslevante.com\/wp-content\/uploads\/2025\/05\/IMG-20250510-WA0049-865x1536.jpg 865w, https:\/\/exclusiveeventslevante.com\/wp-content\/uploads\/2025\/05\/IMG-20250510-WA0049.jpg 1126w\" sizes=\"auto, (max-width: 577px) 100vw, 577px\" \/><\/figure>\n\n\n\n<figure class=\"wp-block-image size-large\"><img loading=\"lazy\" decoding=\"async\" width=\"577\" height=\"1024\" data-id=\"931\" src=\"https:\/\/exclusiveeventslevante.com\/wp-content\/uploads\/2025\/05\/IMG-20250510-WA0050-577x1024.jpg\" alt=\"\" class=\"wp-image-931\" srcset=\"https:\/\/exclusiveeventslevante.com\/wp-content\/uploads\/2025\/05\/IMG-20250510-WA0050-577x1024.jpg 577w, https:\/\/exclusiveeventslevante.com\/wp-content\/uploads\/2025\/05\/IMG-20250510-WA0050-169x300.jpg 169w, https:\/\/exclusiveeventslevante.com\/wp-content\/uploads\/2025\/05\/IMG-20250510-WA0050-768x1364.jpg 768w, https:\/\/exclusiveeventslevante.com\/wp-content\/uploads\/2025\/05\/IMG-20250510-WA0050-865x1536.jpg 865w, https:\/\/exclusiveeventslevante.com\/wp-content\/uploads\/2025\/05\/IMG-20250510-WA0050.jpg 1126w\" sizes=\"auto, (max-width: 577px) 100vw, 577px\" \/><\/figure>\n\n\n\n<figure class=\"wp-block-image size-large\"><img loading=\"lazy\" decoding=\"async\" width=\"577\" height=\"1024\" data-id=\"933\" src=\"https:\/\/exclusiveeventslevante.com\/wp-content\/uploads\/2025\/05\/IMG-20250510-WA0051-577x1024.jpg\" alt=\"\" class=\"wp-image-933\" srcset=\"https:\/\/exclusiveeventslevante.com\/wp-content\/uploads\/2025\/05\/IMG-20250510-WA0051-577x1024.jpg 577w, https:\/\/exclusiveeventslevante.com\/wp-content\/uploads\/2025\/05\/IMG-20250510-WA0051-169x300.jpg 169w, https:\/\/exclusiveeventslevante.com\/wp-content\/uploads\/2025\/05\/IMG-20250510-WA0051-768x1364.jpg 768w, https:\/\/exclusiveeventslevante.com\/wp-content\/uploads\/2025\/05\/IMG-20250510-WA0051-865x1536.jpg 865w, https:\/\/exclusiveeventslevante.com\/wp-content\/uploads\/2025\/05\/IMG-20250510-WA0051.jpg 1126w\" sizes=\"auto, (max-width: 577px) 100vw, 577px\" \/><\/figure>\n\n\n\n<figure class=\"wp-block-image size-large\"><img loading=\"lazy\" decoding=\"async\" width=\"1024\" height=\"899\" data-id=\"930\" src=\"https:\/\/exclusiveeventslevante.com\/wp-content\/uploads\/2025\/05\/IMG-20250510-WA0046-1024x899.jpg\" alt=\"\" class=\"wp-image-930\" srcset=\"https:\/\/exclusiveeventslevante.com\/wp-content\/uploads\/2025\/05\/IMG-20250510-WA0046-1024x899.jpg 1024w, https:\/\/exclusiveeventslevante.com\/wp-content\/uploads\/2025\/05\/IMG-20250510-WA0046-300x263.jpg 300w, https:\/\/exclusiveeventslevante.com\/wp-content\/uploads\/2025\/05\/IMG-20250510-WA0046-768x674.jpg 768w, https:\/\/exclusiveeventslevante.com\/wp-content\/uploads\/2025\/05\/IMG-20250510-WA0046-1536x1349.jpg 1536w, https:\/\/exclusiveeventslevante.com\/wp-content\/uploads\/2025\/05\/IMG-20250510-WA0046.jpg 2048w\" sizes=\"auto, (max-width: 706px) 89vw, (max-width: 767px) 82vw, 740px\" \/><\/figure>\n\n\n\n<figure class=\"wp-block-image size-large\"><img loading=\"lazy\" decoding=\"async\" width=\"1024\" height=\"768\" data-id=\"932\" src=\"https:\/\/exclusiveeventslevante.com\/wp-content\/uploads\/2025\/05\/IMG-20250510-WA0047-1024x768.jpg\" alt=\"\" class=\"wp-image-932\" srcset=\"https:\/\/exclusiveeventslevante.com\/wp-content\/uploads\/2025\/05\/IMG-20250510-WA0047-1024x768.jpg 1024w, https:\/\/exclusiveeventslevante.com\/wp-content\/uploads\/2025\/05\/IMG-20250510-WA0047-300x225.jpg 300w, https:\/\/exclusiveeventslevante.com\/wp-content\/uploads\/2025\/05\/IMG-20250510-WA0047-768x576.jpg 768w, https:\/\/exclusiveeventslevante.com\/wp-content\/uploads\/2025\/05\/IMG-20250510-WA0047-1536x1152.jpg 1536w, https:\/\/exclusiveeventslevante.com\/wp-content\/uploads\/2025\/05\/IMG-20250510-WA0047.jpg 1824w\" sizes=\"auto, (max-width: 706px) 89vw, (max-width: 767px) 82vw, 740px\" \/><\/figure>\n<\/figure>\n\n\n\n<p><strong>World Central Kitchen (WCK)<\/strong> encabeza nuestra red de colaboraciones como ejemplo de acci\u00f3n humanitaria, impacto social y respuesta r\u00e1pida ante emergencias. Colaborar con WCK nos ha permitido integrar valores de solidaridad, sostenibilidad y compromiso real en nuestros proyectos, generando un v\u00ednculo directo entre gastronom\u00eda, comunidad y transformaci\u00f3n social.<\/p>\n\n\n\n<p>En <strong>Exclusive Events Levante<\/strong> creemos firmemente en el poder de las alianzas. Por eso, trabajamos codo a codo con instituciones p\u00fablicas, entidades sociales, redes profesionales y marcas comprometidas con el desarrollo sostenible, la igualdad y la cultura local.<\/p>\n\n\n\n<p>Entre nuestros colaboradores destacan:<\/p>\n\n\n\n<ul class=\"wp-block-list\">\n<li><strong>World Central Kitchen (WCK)<\/strong><\/li>\n\n\n\n<li>Ayuntamientos y entidades p\u00fablicas de la Comunitat Valenciana<\/li>\n\n\n\n<li>Redes internacionales como <strong>ODS Promoters<\/strong> y <strong>Mujeres L\u00edderes<\/strong><\/li>\n\n\n\n<li>Organizaciones locales con impacto territorial y enfoque social<\/li>\n\n\n\n<li>Productores de proximidad, cocineros\/as comprometidos y agentes culturales<\/li>\n<\/ul>\n\n\n\n<p>Cada colaboraci\u00f3n es una oportunidad para construir un evento con prop\u00f3sito. Dise\u00f1amos experiencias que generan valor, fomentan el desarrollo comunitario y dejan huella m\u00e1s all\u00e1 del d\u00eda del evento.<\/p>\n\n\n\n<figure class=\"wp-block-image size-large\"><img loading=\"lazy\" decoding=\"async\" width=\"1024\" height=\"326\" src=\"https:\/\/exclusiveeventslevante.com\/wp-content\/uploads\/2023\/02\/Imagen-de-WhatsApp-2023-02-14-a-las-16.00.28-1024x326.jpg\" alt=\"\" class=\"wp-image-250\" srcset=\"https:\/\/exclusiveeventslevante.com\/wp-content\/uploads\/2023\/02\/Imagen-de-WhatsApp-2023-02-14-a-las-16.00.28-1024x326.jpg 1024w, https:\/\/exclusiveeventslevante.com\/wp-content\/uploads\/2023\/02\/Imagen-de-WhatsApp-2023-02-14-a-las-16.00.28-300x95.jpg 300w, https:\/\/exclusiveeventslevante.com\/wp-content\/uploads\/2023\/02\/Imagen-de-WhatsApp-2023-02-14-a-las-16.00.28-768x244.jpg 768w, https:\/\/exclusiveeventslevante.com\/wp-content\/uploads\/2023\/02\/Imagen-de-WhatsApp-2023-02-14-a-las-16.00.28-1536x489.jpg 1536w, https:\/\/exclusiveeventslevante.com\/wp-content\/uploads\/2023\/02\/Imagen-de-WhatsApp-2023-02-14-a-las-16.00.28.jpg 1904w\" sizes=\"auto, (max-width: 706px) 89vw, (max-width: 767px) 82vw, 740px\" \/><figcaption class=\"wp-element-caption\"><strong>COMPARTIMOS<br>Cada domingo preparamos alimentos caseros con todo nuestro entusiasmo y cari\u00f1o, haciendo sentir a los que se encuentran en la calle como si estuvieran en una gran comida familiar, porque en Amigos de la Calle no damos, compartimos<br>CHARLAMOS<br>Creamos v\u00ednculos de amistad fundados en una escucha activa de cada una de sus historias. Mostramos afecto, comprensi\u00f3n y soporte, record\u00e1ndoles que no han sido olvidados<br>AYUDAMOS<br>Ponemos a su disposici\u00f3n todos los medios posibles para ayudarles a superar su actual situaci\u00f3n. Facilitamos recursos b\u00e1sicos que pueden parecernos insignificantes pero que para ellos,&nbsp;lo&nbsp;son&nbsp;todo.<\/strong><\/figcaption><\/figure>\n\n\n\n<figure class=\"wp-block-image size-large\"><img loading=\"lazy\" decoding=\"async\" width=\"970\" height=\"1024\" src=\"https:\/\/exclusiveeventslevante.com\/wp-content\/uploads\/2023\/02\/654-970x1024.jpg\" alt=\"\" class=\"wp-image-248\" srcset=\"https:\/\/exclusiveeventslevante.com\/wp-content\/uploads\/2023\/02\/654-970x1024.jpg 970w, https:\/\/exclusiveeventslevante.com\/wp-content\/uploads\/2023\/02\/654-284x300.jpg 284w, https:\/\/exclusiveeventslevante.com\/wp-content\/uploads\/2023\/02\/654-768x811.jpg 768w, https:\/\/exclusiveeventslevante.com\/wp-content\/uploads\/2023\/02\/654-1454x1536.jpg 1454w, https:\/\/exclusiveeventslevante.com\/wp-content\/uploads\/2023\/02\/654.jpg 1515w\" sizes=\"auto, (max-width: 706px) 89vw, (max-width: 767px) 82vw, 740px\" \/><figcaption class=\"wp-element-caption\"><strong>Campa\u00f1as Navide\u00f1as<\/strong><\/figcaption><\/figure>\n\n\n\n<figure class=\"wp-block-image size-full\"><img loading=\"lazy\" decoding=\"async\" width=\"720\" height=\"720\" src=\"https:\/\/exclusiveeventslevante.com\/wp-content\/uploads\/2023\/02\/213.jpg\" alt=\"\" class=\"wp-image-249\" srcset=\"https:\/\/exclusiveeventslevante.com\/wp-content\/uploads\/2023\/02\/213.jpg 720w, https:\/\/exclusiveeventslevante.com\/wp-content\/uploads\/2023\/02\/213-300x300.jpg 300w, https:\/\/exclusiveeventslevante.com\/wp-content\/uploads\/2023\/02\/213-150x150.jpg 150w, https:\/\/exclusiveeventslevante.com\/wp-content\/uploads\/2023\/02\/213-100x100.jpg 100w\" sizes=\"auto, (max-width: 720px) 100vw, 720px\" \/><figcaption class=\"wp-element-caption\"><strong>Campa\u00f1as Anuales<\/strong><\/figcaption><\/figure>\n\n\n\n<figure class=\"wp-block-image size-large\"><img loading=\"lazy\" decoding=\"async\" width=\"993\" height=\"1024\" src=\"https:\/\/exclusiveeventslevante.com\/wp-content\/uploads\/2023\/02\/Asociacion-Mujeres-en-Gastronomia-MEG-Logo-993x1024.png\" alt=\"\" class=\"wp-image-254\" srcset=\"https:\/\/exclusiveeventslevante.com\/wp-content\/uploads\/2023\/02\/Asociacion-Mujeres-en-Gastronomia-MEG-Logo-993x1024.png 993w, https:\/\/exclusiveeventslevante.com\/wp-content\/uploads\/2023\/02\/Asociacion-Mujeres-en-Gastronomia-MEG-Logo-291x300.png 291w, https:\/\/exclusiveeventslevante.com\/wp-content\/uploads\/2023\/02\/Asociacion-Mujeres-en-Gastronomia-MEG-Logo-768x792.png 768w, https:\/\/exclusiveeventslevante.com\/wp-content\/uploads\/2023\/02\/Asociacion-Mujeres-en-Gastronomia-MEG-Logo-1489x1536.png 1489w, https:\/\/exclusiveeventslevante.com\/wp-content\/uploads\/2023\/02\/Asociacion-Mujeres-en-Gastronomia-MEG-Logo-1986x2048.png 1986w\" sizes=\"auto, (max-width: 706px) 89vw, (max-width: 767px) 82vw, 740px\" \/><figcaption class=\"wp-element-caption\"><strong>Mujeres en Gastronom\u00eda<br>\u00bfQu\u00e9 es MEG?<br>La red de mujeres que demuestra que el talento en gastronom\u00eda no tiene g\u00e9nero<br>Un movimiento de esp\u00edritu colaborativo que pretende impulsar la visibilidad de la mujer en&nbsp;la&nbsp;gastronom\u00eda.        Isis Ventura Diana, como consultora y gestora de restaurantes, comparte los valores de MEG, por lo que es miembro activo de&nbsp;la&nbsp;asociaci\u00f3n.<\/strong><\/figcaption><\/figure>\n\n\n\n<p>-MODU&#8217;S PROJECT<\/p>\n\n\n\n<figure class=\"wp-block-gallery has-nested-images columns-default is-cropped wp-block-gallery-2 is-layout-flex wp-block-gallery-is-layout-flex\">\n<figure class=\"wp-block-image size-large\"><img loading=\"lazy\" decoding=\"async\" width=\"768\" height=\"1024\" data-id=\"798\" src=\"https:\/\/exclusiveeventslevante.com\/wp-content\/uploads\/2024\/07\/Imagen-de-WhatsApp-2024-07-15-a-las-15.55.16_f067d7fc-768x1024.jpg\" alt=\"\" class=\"wp-image-798\" srcset=\"https:\/\/exclusiveeventslevante.com\/wp-content\/uploads\/2024\/07\/Imagen-de-WhatsApp-2024-07-15-a-las-15.55.16_f067d7fc-768x1024.jpg 768w, https:\/\/exclusiveeventslevante.com\/wp-content\/uploads\/2024\/07\/Imagen-de-WhatsApp-2024-07-15-a-las-15.55.16_f067d7fc-225x300.jpg 225w, https:\/\/exclusiveeventslevante.com\/wp-content\/uploads\/2024\/07\/Imagen-de-WhatsApp-2024-07-15-a-las-15.55.16_f067d7fc-1152x1536.jpg 1152w, https:\/\/exclusiveeventslevante.com\/wp-content\/uploads\/2024\/07\/Imagen-de-WhatsApp-2024-07-15-a-las-15.55.16_f067d7fc.jpg 1500w\" sizes=\"auto, (max-width: 706px) 89vw, (max-width: 767px) 82vw, 740px\" \/><\/figure>\n\n\n\n<figure class=\"wp-block-image size-large\"><img loading=\"lazy\" decoding=\"async\" width=\"768\" height=\"1024\" data-id=\"799\" src=\"https:\/\/exclusiveeventslevante.com\/wp-content\/uploads\/2024\/07\/Imagen-de-WhatsApp-2024-07-15-a-las-15.55.16_72e7bbaf-768x1024.jpg\" alt=\"\" class=\"wp-image-799\" srcset=\"https:\/\/exclusiveeventslevante.com\/wp-content\/uploads\/2024\/07\/Imagen-de-WhatsApp-2024-07-15-a-las-15.55.16_72e7bbaf-768x1024.jpg 768w, https:\/\/exclusiveeventslevante.com\/wp-content\/uploads\/2024\/07\/Imagen-de-WhatsApp-2024-07-15-a-las-15.55.16_72e7bbaf-225x300.jpg 225w, https:\/\/exclusiveeventslevante.com\/wp-content\/uploads\/2024\/07\/Imagen-de-WhatsApp-2024-07-15-a-las-15.55.16_72e7bbaf-1152x1536.jpg 1152w, https:\/\/exclusiveeventslevante.com\/wp-content\/uploads\/2024\/07\/Imagen-de-WhatsApp-2024-07-15-a-las-15.55.16_72e7bbaf.jpg 1500w\" sizes=\"auto, (max-width: 706px) 89vw, (max-width: 767px) 82vw, 740px\" \/><\/figure>\n<\/figure>\n\n\n\n<figure class=\"wp-block-image size-large\"><img loading=\"lazy\" decoding=\"async\" width=\"1024\" height=\"576\" src=\"https:\/\/exclusiveeventslevante.com\/wp-content\/uploads\/2024\/02\/TEAM-OF.pdf-3-1024x576.png\" alt=\"\" class=\"wp-image-712\" srcset=\"https:\/\/exclusiveeventslevante.com\/wp-content\/uploads\/2024\/02\/TEAM-OF.pdf-3-1024x576.png 1024w, https:\/\/exclusiveeventslevante.com\/wp-content\/uploads\/2024\/02\/TEAM-OF.pdf-3-300x169.png 300w, https:\/\/exclusiveeventslevante.com\/wp-content\/uploads\/2024\/02\/TEAM-OF.pdf-3-768x432.png 768w, https:\/\/exclusiveeventslevante.com\/wp-content\/uploads\/2024\/02\/TEAM-OF.pdf-3-1536x864.png 1536w, https:\/\/exclusiveeventslevante.com\/wp-content\/uploads\/2024\/02\/TEAM-OF.pdf-3.png 1920w\" sizes=\"auto, (max-width: 706px) 89vw, (max-width: 767px) 82vw, 740px\" \/><\/figure>\n\n\n\n<figure class=\"wp-block-image size-large\"><img loading=\"lazy\" decoding=\"async\" width=\"1024\" height=\"724\" src=\"https:\/\/exclusiveeventslevante.com\/wp-content\/uploads\/2024\/02\/cartel_page-0001-2-1024x724.jpg\" alt=\"\" class=\"wp-image-751\" srcset=\"https:\/\/exclusiveeventslevante.com\/wp-content\/uploads\/2024\/02\/cartel_page-0001-2-1024x724.jpg 1024w, https:\/\/exclusiveeventslevante.com\/wp-content\/uploads\/2024\/02\/cartel_page-0001-2-300x212.jpg 300w, https:\/\/exclusiveeventslevante.com\/wp-content\/uploads\/2024\/02\/cartel_page-0001-2-768x543.jpg 768w, https:\/\/exclusiveeventslevante.com\/wp-content\/uploads\/2024\/02\/cartel_page-0001-2-1536x1086.jpg 1536w, https:\/\/exclusiveeventslevante.com\/wp-content\/uploads\/2024\/02\/cartel_page-0001-2-2048x1448.jpg 2048w\" sizes=\"auto, (max-width: 706px) 89vw, (max-width: 767px) 82vw, 740px\" \/><\/figure>\n","protected":false},"excerpt":{"rendered":"<p>World Central Kitchen (WCK) encabeza nuestra red de colaboraciones como ejemplo de acci\u00f3n humanitaria, impacto social y respuesta r\u00e1pida ante emergencias. Colaborar con WCK nos ha permitido integrar valores de solidaridad, sostenibilidad y compromiso real en nuestros proyectos, generando un v\u00ednculo directo entre gastronom\u00eda, comunidad y transformaci\u00f3n social. En Exclusive Events Levante creemos firmemente en &hellip; <\/p>\n<p class=\"link-more\"><a href=\"https:\/\/exclusiveeventslevante.com\/?page_id=247\" class=\"more-link\">Continuar leyendo<span class=\"screen-reader-text\"> \u00abCon qui\u00e9n colaboramos, ONG y Asociaciones\u00bb<\/span><\/a><\/p>\n","protected":false},"author":2,"featured_media":0,"parent":0,"menu_order":0,"comment_status":"closed","ping_status":"closed","template":"","meta":{"footnotes":""},"class_list":["post-247","page","type-page","status-publish","hentry"],"_links":{"self":[{"href":"https:\/\/exclusiveeventslevante.com\/index.php?rest_route=\/wp\/v2\/pages\/247","targetHints":{"allow":["GET"]}}],"collection":[{"href":"https:\/\/exclusiveeventslevante.com\/index.php?rest_route=\/wp\/v2\/pages"}],"about":[{"href":"https:\/\/exclusiveeventslevante.com\/index.php?rest_route=\/wp\/v2\/types\/page"}],"author":[{"embeddable":true,"href":"https:\/\/exclusiveeventslevante.com\/index.php?rest_route=\/wp\/v2\/users\/2"}],"replies":[{"embeddable":true,"href":"https:\/\/exclusiveeventslevante.com\/index.php?rest_route=%2Fwp%2Fv2%2Fcomments&post=247"}],"version-history":[{"count":18,"href":"https:\/\/exclusiveeventslevante.com\/index.php?rest_route=\/wp\/v2\/pages\/247\/revisions"}],"predecessor-version":[{"id":937,"href":"https:\/\/exclusiveeventslevante.com\/index.php?rest_route=\/wp\/v2\/pages\/247\/revisions\/937"}],"wp:attachment":[{"href":"https:\/\/exclusiveeventslevante.com\/index.php?rest_route=%2Fwp%2Fv2%2Fmedia&parent=247"}],"curies":[{"name":"wp","href":"https:\/\/api.w.org\/{rel}","templated":true}]}}