 
{"id":46,"date":"2021-03-15T12:54:14","date_gmt":"2021-03-15T12:54:14","guid":{"rendered":"http:\/\/exclusiveeventslevante.com\/?page_id=46"},"modified":"2025-08-10T23:12:09","modified_gmt":"2025-08-10T23:12:09","slug":"porque-con-nosotras","status":"publish","type":"page","link":"https:\/\/exclusiveeventslevante.com\/?page_id=46","title":{"rendered":"\u00bfPor qu\u00e9 con nosotras?"},"content":{"rendered":"\n<p>En Exclusive Events Levante marcamos el camino hacia la sostenibilidad y la excelencia. Con m\u00e1s de dos d\u00e9cadas de experiencia, somos la referencia para restauradores y administraciones que desean transformar su actividad. Ofrecemos formaci\u00f3n y consultor\u00eda en Objetivos de Desarrollo Sostenible, capacitando a equipos y municipios para adoptar pr\u00e1cticas responsables y alcanzar un futuro de excelencia. La sostenibilidad ha llegado para quedarse y nosotros somos el socio que necesitas para convertirla en el motor de tu \u00e9xito.<\/p>\n\n\n\n<figure class=\"wp-block-image size-large\"><img loading=\"lazy\" decoding=\"async\" width=\"1024\" height=\"576\" src=\"https:\/\/exclusiveeventslevante.com\/wp-content\/uploads\/2024\/02\/TEAM-OF.pdf-16-1024x576.png\" alt=\"\" class=\"wp-image-738\" srcset=\"https:\/\/exclusiveeventslevante.com\/wp-content\/uploads\/2024\/02\/TEAM-OF.pdf-16-1024x576.png 1024w, https:\/\/exclusiveeventslevante.com\/wp-content\/uploads\/2024\/02\/TEAM-OF.pdf-16-300x169.png 300w, https:\/\/exclusiveeventslevante.com\/wp-content\/uploads\/2024\/02\/TEAM-OF.pdf-16-768x432.png 768w, https:\/\/exclusiveeventslevante.com\/wp-content\/uploads\/2024\/02\/TEAM-OF.pdf-16-1536x864.png 1536w, https:\/\/exclusiveeventslevante.com\/wp-content\/uploads\/2024\/02\/TEAM-OF.pdf-16.png 1920w\" sizes=\"auto, (max-width: 706px) 89vw, (max-width: 767px) 82vw, 740px\" \/><\/figure>\n\n\n\n<figure class=\"wp-block-image size-large\"><img loading=\"lazy\" decoding=\"async\" width=\"1024\" height=\"724\" src=\"https:\/\/exclusiveeventslevante.com\/wp-content\/uploads\/2024\/02\/cartel_page-0001-15-1024x724.jpg\" alt=\"\" class=\"wp-image-780\" srcset=\"https:\/\/exclusiveeventslevante.com\/wp-content\/uploads\/2024\/02\/cartel_page-0001-15-1024x724.jpg 1024w, https:\/\/exclusiveeventslevante.com\/wp-content\/uploads\/2024\/02\/cartel_page-0001-15-300x212.jpg 300w, https:\/\/exclusiveeventslevante.com\/wp-content\/uploads\/2024\/02\/cartel_page-0001-15-768x543.jpg 768w, https:\/\/exclusiveeventslevante.com\/wp-content\/uploads\/2024\/02\/cartel_page-0001-15-1536x1086.jpg 1536w, https:\/\/exclusiveeventslevante.com\/wp-content\/uploads\/2024\/02\/cartel_page-0001-15-2048x1448.jpg 2048w\" sizes=\"auto, (max-width: 706px) 89vw, (max-width: 767px) 82vw, 740px\" \/><\/figure>\n","protected":false},"excerpt":{"rendered":"<p>En Exclusive Events Levante marcamos el camino hacia la sostenibilidad y la excelencia. Con m\u00e1s de dos d\u00e9cadas de experiencia, somos la referencia para restauradores y administraciones que desean transformar su actividad. Ofrecemos formaci\u00f3n y consultor\u00eda en Objetivos de Desarrollo Sostenible, capacitando a equipos y municipios para adoptar pr\u00e1cticas responsables y alcanzar un futuro de &hellip; <\/p>\n<p class=\"link-more\"><a href=\"https:\/\/exclusiveeventslevante.com\/?page_id=46\" class=\"more-link\">Continuar leyendo<span class=\"screen-reader-text\"> \u00ab\u00bfPor qu\u00e9 con nosotras?\u00bb<\/span><\/a><\/p>\n","protected":false},"author":2,"featured_media":0,"parent":0,"menu_order":0,"comment_status":"closed","ping_status":"closed","template":"","meta":{"footnotes":""},"class_list":["post-46","page","type-page","status-publish","hentry"],"_links":{"self":[{"href":"https:\/\/exclusiveeventslevante.com\/index.php?rest_route=\/wp\/v2\/pages\/46","targetHints":{"allow":["GET"]}}],"collection":[{"href":"https:\/\/exclusiveeventslevante.com\/index.php?rest_route=\/wp\/v2\/pages"}],"about":[{"href":"https:\/\/exclusiveeventslevante.com\/index.php?rest_route=\/wp\/v2\/types\/page"}],"author":[{"embeddable":true,"href":"https:\/\/exclusiveeventslevante.com\/index.php?rest_route=\/wp\/v2\/users\/2"}],"replies":[{"embeddable":true,"href":"https:\/\/exclusiveeventslevante.com\/index.php?rest_route=%2Fwp%2Fv2%2Fcomments&post=46"}],"version-history":[{"count":7,"href":"https:\/\/exclusiveeventslevante.com\/index.php?rest_route=\/wp\/v2\/pages\/46\/revisions"}],"predecessor-version":[{"id":952,"href":"https:\/\/exclusiveeventslevante.com\/index.php?rest_route=\/wp\/v2\/pages\/46\/revisions\/952"}],"wp:attachment":[{"href":"https:\/\/exclusiveeventslevante.com\/index.php?rest_route=%2Fwp%2Fv2%2Fmedia&parent=46"}],"curies":[{"name":"wp","href":"https:\/\/api.w.org\/{rel}","templated":true}]}}