 
{"id":847,"date":"2025-05-11T21:23:23","date_gmt":"2025-05-11T21:23:23","guid":{"rendered":"http:\/\/exclusiveeventslevante.com\/?page_id=847"},"modified":"2025-05-11T21:25:32","modified_gmt":"2025-05-11T21:25:32","slug":"reconocimientos-%f0%9f%8c%88","status":"publish","type":"page","link":"https:\/\/exclusiveeventslevante.com\/?page_id=847","title":{"rendered":"Reconocimientos &#x1f308;"},"content":{"rendered":"\n<p>Nos emociona compartir que, desde <strong>marzo de 2025<\/strong>, <strong>EXCLUSIVE EVENTS LEVANTE<\/strong> ha sido reconocida por la <strong>Generalitat Valenciana<\/strong> como <strong>Espacio Libre de LGTBIQ+fobia<\/strong>, convirti\u00e9ndonos en la <strong>segunda empresa del sector privado en toda la Comunitat Valenciana<\/strong> en recibir este distintivo.<\/p>\n\n\n\n<p>Este reconocimiento no es un trofeo: <strong>es un compromiso visible<\/strong>. Una declaraci\u00f3n p\u00fablica de los valores que nos sostienen y del tipo de empresa que elegimos ser, cada d\u00eda. En un sector donde la creatividad, la emoci\u00f3n y la experiencia lo son todo, no concebimos un solo proyecto sin respeto, sin libertad, sin inclusi\u00f3n.<\/p>\n\n\n\n<p>En <strong>EXCLUSIVE EVENTS LEVANTE<\/strong>, creemos que los eventos son algo m\u00e1s que momentos compartidos: son <strong>escenarios donde se refleja qui\u00e9nes somos y en qu\u00e9 creemos<\/strong>. Por eso, cada montaje, cada guion y cada celebraci\u00f3n es una oportunidad para dejar claro que <strong>todas las personas caben<\/strong>, y todas merecen ser tratadas con dignidad.<\/p>\n\n\n\n<p>Apostamos por espacios donde nadie tenga que esconderse. Donde el talento florezca sin miedo. Donde las identidades diversas no solo se respeten, sino que se celebren. Porque sabemos que <strong>la autenticidad es el ingrediente secreto de cualquier evento que deja huella<\/strong>.<\/p>\n\n\n\n<p>Este distintivo no marca una meta, sino una l\u00ednea de salida. Seguiremos trabajando para que la igualdad no sea solo una promesa, sino una experiencia tangible en cada proyecto que creamos.<\/p>\n\n\n\n<p><strong>Porque no solo dise\u00f1amos eventos: construimos futuros m\u00e1s justos, sensibles y profundamente humanos.<\/strong><\/p>\n\n\n\n<p>&#x1f4cd; Comunitat Valenciana \u00b7 Marzo 2025<\/p>\n\n\n\n<figure class=\"wp-block-image size-large\"><img loading=\"lazy\" decoding=\"async\" width=\"576\" height=\"1024\" src=\"https:\/\/exclusiveeventslevante.com\/wp-content\/uploads\/2025\/05\/Imagen-de-WhatsApp-2025-04-23-a-las-13.09.05_ab35c34f-576x1024.jpg\" alt=\"\" class=\"wp-image-851\" srcset=\"https:\/\/exclusiveeventslevante.com\/wp-content\/uploads\/2025\/05\/Imagen-de-WhatsApp-2025-04-23-a-las-13.09.05_ab35c34f-576x1024.jpg 576w, https:\/\/exclusiveeventslevante.com\/wp-content\/uploads\/2025\/05\/Imagen-de-WhatsApp-2025-04-23-a-las-13.09.05_ab35c34f-169x300.jpg 169w, https:\/\/exclusiveeventslevante.com\/wp-content\/uploads\/2025\/05\/Imagen-de-WhatsApp-2025-04-23-a-las-13.09.05_ab35c34f-768x1365.jpg 768w, https:\/\/exclusiveeventslevante.com\/wp-content\/uploads\/2025\/05\/Imagen-de-WhatsApp-2025-04-23-a-las-13.09.05_ab35c34f-864x1536.jpg 864w, https:\/\/exclusiveeventslevante.com\/wp-content\/uploads\/2025\/05\/Imagen-de-WhatsApp-2025-04-23-a-las-13.09.05_ab35c34f.jpg 900w\" sizes=\"auto, (max-width: 576px) 100vw, 576px\" \/><\/figure>\n","protected":false},"excerpt":{"rendered":"<p>Nos emociona compartir que, desde marzo de 2025, EXCLUSIVE EVENTS LEVANTE ha sido reconocida por la Generalitat Valenciana como Espacio Libre de LGTBIQ+fobia, convirti\u00e9ndonos en la segunda empresa del sector privado en toda la Comunitat Valenciana en recibir este distintivo. Este reconocimiento no es un trofeo: es un compromiso visible. Una declaraci\u00f3n p\u00fablica de los &hellip; <\/p>\n<p class=\"link-more\"><a href=\"https:\/\/exclusiveeventslevante.com\/?page_id=847\" class=\"more-link\">Continuar leyendo<span class=\"screen-reader-text\"> \u00abReconocimientos &#x1f308;\u00bb<\/span><\/a><\/p>\n","protected":false},"author":2,"featured_media":0,"parent":0,"menu_order":0,"comment_status":"closed","ping_status":"closed","template":"","meta":{"footnotes":""},"class_list":["post-847","page","type-page","status-publish","hentry"],"_links":{"self":[{"href":"https:\/\/exclusiveeventslevante.com\/index.php?rest_route=\/wp\/v2\/pages\/847","targetHints":{"allow":["GET"]}}],"collection":[{"href":"https:\/\/exclusiveeventslevante.com\/index.php?rest_route=\/wp\/v2\/pages"}],"about":[{"href":"https:\/\/exclusiveeventslevante.com\/index.php?rest_route=\/wp\/v2\/types\/page"}],"author":[{"embeddable":true,"href":"https:\/\/exclusiveeventslevante.com\/index.php?rest_route=\/wp\/v2\/users\/2"}],"replies":[{"embeddable":true,"href":"https:\/\/exclusiveeventslevante.com\/index.php?rest_route=%2Fwp%2Fv2%2Fcomments&post=847"}],"version-history":[{"count":3,"href":"https:\/\/exclusiveeventslevante.com\/index.php?rest_route=\/wp\/v2\/pages\/847\/revisions"}],"predecessor-version":[{"id":853,"href":"https:\/\/exclusiveeventslevante.com\/index.php?rest_route=\/wp\/v2\/pages\/847\/revisions\/853"}],"wp:attachment":[{"href":"https:\/\/exclusiveeventslevante.com\/index.php?rest_route=%2Fwp%2Fv2%2Fmedia&parent=847"}],"curies":[{"name":"wp","href":"https:\/\/api.w.org\/{rel}","templated":true}]}}